{"id":3,"date":"2022-01-13T20:52:00","date_gmt":"2022-01-13T20:52:00","guid":{"rendered":"https:\/\/stempelhobby.ch\/?page_id=3"},"modified":"2022-02-01T14:38:01","modified_gmt":"2022-02-01T14:38:01","slug":"privacy-policy","status":"publish","type":"page","link":"https:\/\/stempelhobby.ch\/index.php\/privacy-policy\/","title":{"rendered":"Allgemeine Gesch\u00e4ftsbedingungen"},"content":{"rendered":"<p style=\"text-align: left;\">Wir versenden innerhalb der Schweiz und Lichtenstein.<br \/>\nVersand in andere L\u00e4nder erfolgen gern auf Anfrage unter Anpassung der effektiven Portokosten.<\/p>\n<p>Wir liefern ausschliesslich auf Grundlage nachfolgender Liefer- und Zahlungsbedingungen.<br \/>\nMit der Bestellung werden die Gesch\u00e4ftsbedingungen anerkannt. F\u00fcr alle Lieferungen gelten ausschliesslich diese Bedingungen. Abweichungen werden nur durch schriftliche Best\u00e4tigung g\u00fcltig.<\/p>\n<p>Unsere Angebote bzw. Aktionspreise sind freibleibend und gelten daher nur solange der Vorrat reicht. Rabatte und Aktionspreise sind nicht kumulierbar.<br \/>\nPreis\u00e4nderungen bleiben jederzeit vorbehalten. F\u00fcr Druckfehler wird keine Haftung \u00fcbernommen.<\/p>\n<p>Angaben \u00fcber unsere Ware (Farben, Sortimente, Masse u. a.) sind nur ungef\u00e4hr und ann\u00e4hernd; sie sind keine garantierte Beschaffenheit, es sei denn, die Garantie erfolgt ausdr\u00fccklich und schriftlich.<\/p>\n<p>Es besteht kein Mindestbestellwert.<\/p>\n<p>&nbsp;<\/p>\n<p>Lieferbedingungen<\/p>\n<p>Die Lieferung erfolgt via der Schweizerischen Post.<br \/>\nPaket- und Briefversand in der gesamten Schweiz, grunds\u00e4tzlich innerhalb von 3 &#8211; 5 Tagen nach Bestellungs- resp. Zahlungseingang.<br \/>\nLieferfristen sind unverbindlich.<br \/>\nSchadenersatzanspr\u00fcche wegen nicht bzw. versp\u00e4teter Lieferung sind ausgeschlossen. Ein R\u00fccktrittsrecht behalten wir uns vor.<\/p>\n<p>Verpackungs- und Versandkosten f\u00fcr Pakete innerhalb der Schweiz berechnen und versenden wir wie folgt: Paketversand PostPac Economy = pauschal immer Fr. 8.50<\/p>\n<p>Gegen entsprechende Zuschl\u00e4ge erfolgt die Zustellung auf Wunsch dementsprechend auch per A-Post oder Express sowie nat\u00fcrlich auch ins Ausland.<br \/>\nKontaktieren Sie uns einfach: kontakt@stempelhobby.ch<\/p>\n<p>Abholen:<br \/>\nWir verf\u00fcgen nicht \u00fcber Ladenfl\u00e4chen. Lieferungen erfolgen nur per Versand.<\/p>\n<p>Teillieferung<br \/>\nEs werden keine R\u00fcckst\u00e4nde\/Ausst\u00e4nde gemacht. Wir informieren die Kunden jedoch per E-Mail, wann der gew\u00fcnschte Artikel wieder lieferbar ist.<\/p>\n<p>F\u00fcr den Versand ins Ausland werden anfallende Kosten gesondert in Rechnung gestellt.<br \/>\nS\u00e4mtliche Zoll- und andere Verarbeitungskosten gehen zu Lasten des K\u00e4ufers.<\/p>\n<p>Zahlungsbedingungen<br \/>\nWir liefern ausschliesslich per Vorauszahlung.<\/p>\n<p>Alle unsere Preise sind freibleibend und k\u00f6nnen sich durch Preis\u00e4nderungen der einzelnen Hersteller und durch Wechselkursschwankungen (bei Importware) ver\u00e4ndern. Preis\u00e4nderungen behalten wir uns vor.<\/p>\n<p>Rabatte sind nicht kumulierbar<\/p>\n<p>Gefahr\u00fcbergang<br \/>\nDie Gefahr geht mit Absendung der Ware von uns auf den K\u00e4ufer \u00fcber.<\/p>\n<p>&nbsp;<\/p>\n<p>R\u00fcckgabe der Ware<\/p>\n<p>Transportsch\u00e4den sind unverz\u00fcglich bei der Post zu melden. Wir \u00fcbernehmen keine Haftung f\u00fcr Transportsch\u00e4den.<\/p>\n<p>Vom Kunden falsch bestellte Artikel m\u00fcssen abgenommen werden.<br \/>\nR\u00fccksendungen korrekt gelieferter Ware werden nicht akzeptiert.<br \/>\nKeine Auswahlsendungen!<\/p>\n<p>Offensichtliche M\u00e4ngel sind uns sofort und binnen einer Woche nach Erhalt der Ware mitzuteilen und berechtigt uns zur Wahl einer Ersatzlieferung, Reparatur oder Preisnachlasses.<br \/>\nEine R\u00fccksendung (wegen berechtigter Reklamation) ist erst nach R\u00fccksprache m\u00f6glich.<br \/>\nBei einer R\u00fccksendung (berechtigte Reklamation), verg\u00fcten wir Ihnen selbstverst\u00e4ndlich die Portokosten. Andere R\u00fccksendungen werden nicht akzeptiert.<\/p>\n<p>Kann die Post eine Sendung nicht ausliefern und wird diese dort auch nicht abgeholt, erfolgt eine R\u00fccksendung an uns. S\u00e4mtliche zus\u00e4tzlich anfallenden Portokosten (retour an uns und wieder an den Kunden) gehen zu Lasten des Kunden.<\/p>\n<p>&nbsp;<\/p>\n<p>Gew\u00e4hrleistung<\/p>\n<p>Wir gew\u00e4hrleisten, dass die verkaufte Ware zum Zeitpunkt des Gefahr\u00fcberganges frei von Material- und Fabrikationsfehlern ist und die vertraglich zugesicherten Eigenschaften hat.<br \/>\nDie Garantieanspr\u00fcche beschr\u00e4nken sich auf die Bedingungen des Herstellers.<\/p>\n<p>Eigentumsvorbehalt<\/p>\n<p>Bis zur vollst\u00e4ndigen Bezahlung bleibt die Ware Eigentum des Verk\u00e4ufers.<\/p>\n<p>Sollte ein Artikel vergriffen sein, kann der Verk\u00e4ufer nicht haftbar gemacht werden und es besteht kein Anspruch auf Ersatz.<\/p>\n<p>&nbsp;<\/p>\n<p>Gerichtsstand ist Bern-Mittelland<\/p>\n<p>Es findet ausschliesslich Schweizer Recht Anwendung.<br \/>\nAuf die vorliegenden Allgemeinen Gesch\u00e4ftsbedingungen und auf den jeweils abgeschlossenen Kaufvertrag ist ausschliesslich Schweizer Recht unter Ausschluss des UN-Kaufrechts anwendbar.<\/p>\n<p>Sollten eine oder mehrere Klauseln dieser Gesch\u00e4ftsbedingungen ganz oder teilweise unwirksam sein, so soll hierdurch die G\u00fcltigkeit der \u00fcbrigen Bestimmungen nicht ber\u00fchrt sein.<\/p>\n","protected":false},"excerpt":{"rendered":"<p>Wir versenden innerhalb der Schweiz und Lichtenstein. Versand in andere L\u00e4nder erfolgen gern auf Anfrage unter Anpassung der effektiven Portokosten. Wir liefern ausschliesslich auf Grundlage nachfolgender Liefer- und Zahlungsbedingungen. Mit der Bestellung werden die Gesch\u00e4ftsbedingungen anerkannt. F\u00fcr alle Lieferungen gelten ausschliesslich diese Bedingungen. Abweichungen werden nur durch schriftliche Best\u00e4tigung g\u00fcltig. Unsere Angebote bzw. Aktionspreise sind &hellip; <a href=\"https:\/\/stempelhobby.ch\/index.php\/privacy-policy\/\" class=\"more-link\"><span class=\"screen-reader-text\">Allgemeine Gesch\u00e4ftsbedingungen<\/span> weiterlesen <span class=\"meta-nav\">&rarr;<\/span><\/a><\/p>\n","protected":false},"author":1,"featured_media":0,"parent":0,"menu_order":0,"comment_status":"closed","ping_status":"open","template":"","meta":{"footnotes":""},"class_list":["post-3","page","type-page","status-publish","hentry"],"_links":{"self":[{"href":"https:\/\/stempelhobby.ch\/index.php\/wp-json\/wp\/v2\/pages\/3","targetHints":{"allow":["GET"]}}],"collection":[{"href":"https:\/\/stempelhobby.ch\/index.php\/wp-json\/wp\/v2\/pages"}],"about":[{"href":"https:\/\/stempelhobby.ch\/index.php\/wp-json\/wp\/v2\/types\/page"}],"author":[{"embeddable":true,"href":"https:\/\/stempelhobby.ch\/index.php\/wp-json\/wp\/v2\/users\/1"}],"replies":[{"embeddable":true,"href":"https:\/\/stempelhobby.ch\/index.php\/wp-json\/wp\/v2\/comments?post=3"}],"version-history":[{"count":3,"href":"https:\/\/stempelhobby.ch\/index.php\/wp-json\/wp\/v2\/pages\/3\/revisions"}],"predecessor-version":[{"id":278,"href":"https:\/\/stempelhobby.ch\/index.php\/wp-json\/wp\/v2\/pages\/3\/revisions\/278"}],"wp:attachment":[{"href":"https:\/\/stempelhobby.ch\/index.php\/wp-json\/wp\/v2\/media?parent=3"}],"curies":[{"name":"wp","href":"https:\/\/api.w.org\/{rel}","templated":true}]}}